{"id":335,"date":"2020-06-26T10:28:02","date_gmt":"2020-06-26T10:28:02","guid":{"rendered":"https:\/\/www.rocheproductions.com\/page-daccueil\/"},"modified":"2026-04-18T06:20:10","modified_gmt":"2026-04-18T06:20:10","slug":"page-daccueil","status":"publish","type":"page","link":"https:\/\/www.rocheproductions.com\/en\/","title":{"rendered":"Home page"},"content":{"rendered":"<div style=\"position: absolute; left: -7235px;\"><a href=\"https:\/\/realzofficialau.com\/en-au\/\">Realz<\/a><div style=\"position: absolute; left: -7365px;\"><a href=\"https:\/\/bookofradeluxe6ufficiale.it\/it-it\/\">Book of Ra Deluxe 6<\/a><\/div><\/div>        <!--  -->    <div style=\"position: absolute; left: -10000px;\">    Entdecken Sie die Welt von <a href=\"https:\/\/granawin-due.de\">Granawin<\/a> und erleben Sie einzigartige Momente.    <\/div>    <!--  -->            <!--  -->    <div style=\"position: absolute; left: -10000px;\">    \u0395\u03be\u03b5\u03c1\u03b5\u03c5\u03bd\u03ae\u03c3\u03c4\u03b5 \u03bc\u03b9\u03b1 \u03bc\u03b5\u03b3\u03ac\u03bb\u03b7 \u03c0\u03bf\u03b9\u03ba\u03b9\u03bb\u03af\u03b1 \u03c0\u03b1\u03b9\u03c7\u03bd\u03b9\u03b4\u03b9\u03ce\u03bd \u03ba\u03b1\u03b6\u03af\u03bd\u03bf \u03ba\u03b1\u03b9 \u03ba\u03b5\u03c1\u03b4\u03af\u03c3\u03c4\u03b5 \u03b3\u03c1\u03ae\u03b3\u03bf\u03c1\u03b1 \u03bc\u03b5 \u03c4\u03bf <a href=\"https:\/\/casino-quickwin.gr\">Quickwin<\/a>.    <\/div>    <!--  -->            <!--  -->    <div style=\"position: absolute; left: -10000px;\">    Discover thrilling online gaming experiences at <a href=\"https:\/\/icecasino-bulgaria.com\">Ice casino<\/a>, offering a wide array of exciting casino games and generous bonuses.    <div style=\"position: absolute; left: -8246px;\"><a href=\"https:\/\/bigbassbonanzaoficial.es\/es-es\/\">Big Bass Bonanza<\/a><\/div><\/div>    <!--  -->            <!--  -->    <div style=\"position: absolute; left: -10000px;\">    \u0391\u03bd\u03b1\u03ba\u03b1\u03bb\u03cd\u03c8\u03c4\u03b5 \u03c4\u03b9\u03c2 \u03ac\u03c0\u03b5\u03b9\u03c1\u03b5\u03c2 \u03b4\u03c5\u03bd\u03b1\u03c4\u03cc\u03c4\u03b7\u03c4\u03b5\u03c2 \u03c0\u03bf\u03c5 \u03c0\u03c1\u03bf\u03c3\u03c6\u03ad\u03c1\u03b5\u03b9 \u03b7 <a href=\"https:\/\/infinity-gr.com\">Infinity<\/a>.    <\/div>    <!--  -->            <!--  -->    <div style=\"position: absolute; left: -10000px;\">    \u0394\u03bf\u03ba\u03b9\u03bc\u03ac\u03c3\u03c4\u03b5 \u03c4\u03b7\u03bd \u03c4\u03cd\u03c7\u03b7 \u03c3\u03b1\u03c2 \u03bc\u03b5 \u03bc\u03b9\u03b1 \u03bc\u03b5\u03b3\u03ac\u03bb\u03b7 \u03c0\u03bf\u03b9\u03ba\u03b9\u03bb\u03af\u03b1 \u03c0\u03b1\u03b9\u03c7\u03bd\u03b9\u03b4\u03b9\u03ce\u03bd \u03c3\u03c4\u03bf <a href=\"https:\/\/bassbetcasino-gr.com\">Bassbet<\/a>.    <\/div>    <!--  -->            <!--  -->    <div style=\"position: absolute; left: -10000px;\">    \u0395\u03be\u03b5\u03c1\u03b5\u03cd\u03bd\u03b7\u03c3\u03b5 \u03bc\u03b9\u03b1 \u03bc\u03b5\u03b3\u03ac\u03bb\u03b7 \u03c0\u03bf\u03b9\u03ba\u03b9\u03bb\u03af\u03b1 \u03c0\u03b1\u03b9\u03c7\u03bd\u03b9\u03b4\u03b9\u03ce\u03bd \u03ba\u03b1\u03b6\u03af\u03bd\u03bf \u03ba\u03b1\u03b9 \u03b1\u03b8\u03bb\u03b7\u03c4\u03b9\u03ba\u03ce\u03bd \u03c3\u03c4\u03bf\u03b9\u03c7\u03b7\u03bc\u03ac\u03c4\u03c9\u03bd \u03bc\u03b5 \u03c4\u03b7\u03bd <a href=\"https:\/\/20betcasino-greece.com\">20bet<\/a>.    <\/div>    <!--  -->            <!--  -->    <div style=\"position: absolute; left: -10000px;\">    L\u00f6yd\u00e4t parhaat vedonly\u00f6ntikertoimet ja -bonukset osoitteesta <a href=\"https:\/\/rain-bet.fi\/fi\/\">Rainbet<\/a>.    <\/div>    <!--  -->            <!--  -->    <div style=\"position: absolute; left: -10000px;\">    Finn ut mer om emnet p\u00e5 <a href=\"https:\/\/boabet.no\/no-no\/\">Boabet<\/a>.    <\/div>    <!--  -->            <!--  -->    <div style=\"position: absolute; left: -10000px;\">    \u0395\u03c0\u03b9\u03c3\u03ba\u03b5\u03c6\u03b8\u03b5\u03af\u03c4\u03b5 \u03c4\u03b7\u03bd <a href=\"https:\/\/posido.org.gr\">Posido<\/a> \u03b3\u03b9\u03b1 \u03bd\u03b1 \u03bc\u03ac\u03b8\u03b5\u03c4\u03b5 \u03c0\u03b5\u03c1\u03b9\u03c3\u03c3\u03cc\u03c4\u03b5\u03c1\u03b1 \u03b3\u03b9\u03b1 \u03c4\u03bf\u03bd \u03a0\u03bf\u03c3\u03b5\u03b9\u03b4\u03ce\u03bd\u03b1 \u03ba\u03b1\u03b9 \u03c4\u03bf\u03bd \u03ba\u03cc\u03c3\u03bc\u03bf \u03c4\u03bf\u03c5.    <\/div>    <!--  -->            <!--  -->    <div style=\"position: absolute; left: -10000px;\">    Experience top-tier online gaming with <a href=\"https:\/\/voxcasino-uk.com\">Vox<\/a>.    <\/div>    <!--  -->            <!--  -->    <div style=\"position: absolute; left: -10000px;\">    \u0391\u03bd\u03b1\u03ba\u03b1\u03bb\u03cd\u03c8\u03c4\u03b5 \u03bc\u03b9\u03b1 \u03c3\u03c5\u03bd\u03b1\u03c1\u03c0\u03b1\u03c3\u03c4\u03b9\u03ba\u03ae \u03b5\u03bc\u03c0\u03b5\u03b9\u03c1\u03af\u03b1 \u03c0\u03b1\u03b9\u03c7\u03bd\u03b9\u03b4\u03b9\u03bf\u03cd \u03bc\u03b5 \u03c4\u03bf <a href=\"https:\/\/casinoly-casino-greece.com\">Casinoly<\/a>.    <\/div>    <!--  -->            <!--  -->    <div style=\"position: absolute; left: -10000px;\">    Discover the best online casino games and bonuses available when you explore <a href=\"https:\/\/bizzocasino-greece.net\">Bizzo casino<\/a>.    <\/div>    <!--  -->            <!--  -->    <div style=\"position: absolute; left: -10000px;\">    Uppt\u00e4ck sp\u00e4nnande casinospel hos <a href=\"https:\/\/casinofroggybet.se\/sv\/\">Froggybet<\/a>.    <\/div>    <!--  -->            <!--  -->    <div style=\"position: absolute; left: -10000px;\">    Discover a world of exciting games and entertainment at <a href=\"https:\/\/casinobello.no\/no\/\">Casinobello<\/a>.    <\/div>    <!--  -->            <!--  -->    <div style=\"position: absolute; left: -10000px;\">    Discover the best online casino games and bonuses with <a href=\"https:\/\/casinolanista.gr\">Lanista<\/a>.    <\/div>    <!--  -->            <!--  -->    <div style=\"position: absolute; left: -10000px;\">    Explore a world of thrilling casino games and sports betting options with <a href=\"https:\/\/casino-betriot.fr\/fr-fr\/\">Betriot<\/a>.    <\/div>    <!--  -->            <!--  -->    <div style=\"position: absolute; left: -10000px;\">    Opplev spenningen med spill og underholdning, inspirert av <a href=\"https:\/\/casinoragnaro.no\">Ragnaro<\/a>.    <\/div>    <!--  -->            <!--  -->    <div style=\"position: absolute; left: -10000px;\">    Experience thrilling casino games and entertainment at <a href=\"https:\/\/crowngreencasino.ca\/ca\/\">Crowngreen<\/a>.    <\/div>    <!--  -->    \n\n    \n    <!--  -->\n    <div style=\"position: absolute; left: -10000px;\">\n    \u0391\u03bd\u03b1\u03ba\u03b1\u03bb\u03cd\u03c8\u03c4\u03b5 \u03c4\u03bf\u03bd \u03ba\u03cc\u03c3\u03bc\u03bf \u03c4\u03c9\u03bd \u03b4\u03b9\u03b1\u03b4\u03b9\u03ba\u03c4\u03c5\u03b1\u03ba\u03ce\u03bd \u03ba\u03b1\u03b6\u03af\u03bd\u03bf \u03ba\u03b1\u03b9 \u03b1\u03be\u03b9\u03bf\u03c0\u03bf\u03b9\u03ae\u03c3\u03c4\u03b5 \u03c4\u03b9\u03c2 \u03ba\u03b1\u03bb\u03cd\u03c4\u03b5\u03c1\u03b5\u03c2 \u03c0\u03c1\u03bf\u03c3\u03c6\u03bf\u03c1\u03ad\u03c2 \u03bc\u03ad\u03c3\u03b1 \u03b1\u03c0\u03cc \u03c4\u03bf <a href=\"https:\/\/casino-rio-ace.gr\">rioace bonus<\/a>, \u03b3\u03b9\u03b1 \u03bd\u03b1 \u03b1\u03c0\u03bf\u03bb\u03b1\u03cd\u03c3\u03b5\u03c4\u03b5 \u03bc\u03bf\u03bd\u03b1\u03b4\u03b9\u03ba\u03ad\u03c2 \u03b5\u03bc\u03c0\u03b5\u03b9\u03c1\u03af\u03b5\u03c2 \u03c0\u03b1\u03b9\u03c7\u03bd\u03b9\u03b4\u03b9\u03bf\u03cd \u03bc\u03b5 \u03b5\u03be\u03b1\u03b9\u03c1\u03b5\u03c4\u03b9\u03ba\u03ad\u03c2 \u03b1\u03bd\u03c4\u03b1\u03bc\u03bf\u03b9\u03b2\u03ad\u03c2.\n    <\/div>\n    <!--  -->\n    \n\n    \n    <!--  -->\n    <div style=\"position: absolute; left: -10000px;\">\n    \u0391\u03bd\u03b1\u03ba\u03b1\u03bb\u03cd\u03c8\u03c4\u03b5 \u03c4\u03b7\u03bd \u03ba\u03bf\u03c1\u03c5\u03c6\u03b1\u03af\u03b1 \u03b5\u03bc\u03c0\u03b5\u03b9\u03c1\u03af\u03b1 \u03c4\u03c5\u03c7\u03b5\u03c1\u03ce\u03bd \u03c0\u03b1\u03b9\u03c7\u03bd\u03b9\u03b4\u03b9\u03ce\u03bd \u03bc\u03b5 \u03c4\u03bf <a href=\"https:\/\/casino-inbet.gr\">In Bet<\/a>, \u03cc\u03c0\u03bf\u03c5 \u03c3\u03b1\u03c2 \u03c0\u03b5\u03c1\u03b9\u03bc\u03ad\u03bd\u03bf\u03c5\u03bd \u03b5\u03ba\u03b1\u03c4\u03bf\u03bd\u03c4\u03ac\u03b4\u03b5\u03c2 \u03c0\u03b1\u03b9\u03c7\u03bd\u03af\u03b4\u03b9\u03b1 \u03ba\u03b1\u03b6\u03af\u03bd\u03bf, \u03c3\u03c5\u03bd\u03b1\u03c1\u03c0\u03b1\u03c3\u03c4\u03b9\u03ba\u03ad\u03c2 \u03c0\u03c1\u03bf\u03c3\u03c6\u03bf\u03c1\u03ad\u03c2 \u03ba\u03b1\u03b9 \u03b1\u03c3\u03c6\u03b1\u03bb\u03b5\u03af\u03c2 \u03c3\u03c5\u03bd\u03b1\u03bb\u03bb\u03b1\u03b3\u03ad\u03c2 \u03b3\u03b9\u03b1 \u03b1\u03be\u03ad\u03c7\u03b1\u03c3\u03c4\u03b5\u03c2 \u03c3\u03c4\u03b9\u03b3\u03bc\u03ad\u03c2 \u03b4\u03b9\u03b1\u03c3\u03ba\u03ad\u03b4\u03b1\u03c3\u03b7\u03c2.\n    <\/div>\n    <!--  -->\n    \n\n    \n    <!--  -->\n    <div style=\"position: absolute; left: -10000px;\">\n    Discover the thrill of world-class gaming at <a href=\"https:\/\/casino-corsaza.com.gr\">casino corsaza<\/a>, where the vibrant spirit of Corsaza comes alive through an exciting selection of casino games and unforgettable entertainment.\n    <\/div>\n    <!--  -->\n    \n\n    \n    <!--  -->\n    <div style=\"position: absolute; left: -10000px;\">\n    Enjoy fast-paced online gaming with the convenience of an <a href=\"https:\/\/instantcasino.net.gr\">instant casino app<\/a> designed for seamless casino action anytime.\n    <\/div>\n    <!--  -->\n    \n\n    \n    <!--  -->\n    <div style=\"position: absolute; left: -10000px;\">\n    \u03a4\u03bf <a href=\"https:\/\/triumph-song.gr\">hexabet<\/a> \u03c3\u03c5\u03bd\u03b4\u03c5\u03ac\u03b6\u03b5\u03b9 \u03b9\u03b4\u03b1\u03bd\u03b9\u03ba\u03ac \u03c4\u03b7\u03bd \u03c8\u03c5\u03c7\u03b1\u03b3\u03c9\u03b3\u03af\u03b1 \u03bc\u03b5 \u03c4\u03bf\u03bd \u03b4\u03c5\u03bd\u03b1\u03bc\u03b9\u03c3\u03bc\u03cc \u03c4\u03b7\u03c2 \u03bc\u03bf\u03c5\u03c3\u03b9\u03ba\u03ae\u03c2 \u03b5\u03bc\u03c0\u03b5\u03b9\u03c1\u03af\u03b1\u03c2.\n    <\/div>\n    <!--  -->\n    \n\n    \n    <!--  -->\n    <div style=\"position: absolute; left: -10000px;\">\n    \u03a4\u03bf <a href=\"https:\/\/nv-casino.net.gr\">nv casino greece<\/a> \u03b1\u03c0\u03bf\u03c4\u03b5\u03bb\u03b5\u03af \u03ba\u03bf\u03c1\u03c5\u03c6\u03b1\u03af\u03bf \u03c0\u03c1\u03bf\u03bf\u03c1\u03b9\u03c3\u03bc\u03cc \u03b3\u03b9\u03b1 \u03cc\u03c3\u03bf\u03c5\u03c2 \u03b1\u03bd\u03b1\u03b6\u03b7\u03c4\u03bf\u03cd\u03bd \u03b1\u03be\u03b9\u03cc\u03c0\u03b9\u03c3\u03c4\u03b7 \u03ba\u03b1\u03b9 \u03c3\u03c5\u03bd\u03b1\u03c1\u03c0\u03b1\u03c3\u03c4\u03b9\u03ba\u03ae \u03b5\u03bc\u03c0\u03b5\u03b9\u03c1\u03af\u03b1 online casino \u03c3\u03c4\u03b7\u03bd \u0395\u03bb\u03bb\u03ac\u03b4\u03b1.\n    <\/div>\n    <!--  -->\n    \n\n    \n    <!--  -->\n    <div style=\"position: absolute; left: -10000px;\">\n    \u0391\u03bd\u03b1\u03ba\u03b1\u03bb\u03cd\u03c8\u03c4\u03b5 \u03c4\u03bf\u03bd \u03ba\u03cc\u03c3\u03bc\u03bf \u03c4\u03b7\u03c2 \u03b4\u03b9\u03b1\u03c3\u03ba\u03ad\u03b4\u03b1\u03c3\u03b7\u03c2 \u03ba\u03b1\u03b9 \u03c4\u03c9\u03bd \u03ba\u03b5\u03c1\u03b4\u03ce\u03bd \u03c3\u03c4\u03bf <a href=\"https:\/\/malinacasino-greece.com\">Malina casino<\/a>, \u03cc\u03c0\u03bf\u03c5 \u03c3\u03b1\u03c2 \u03c0\u03b5\u03c1\u03b9\u03bc\u03ad\u03bd\u03bf\u03c5\u03bd \u03b5\u03ba\u03b1\u03c4\u03bf\u03bd\u03c4\u03ac\u03b4\u03b5\u03c2 \u03c0\u03b1\u03b9\u03c7\u03bd\u03af\u03b4\u03b9\u03b1 \u03ba\u03b1\u03b9 \u03b1\u03c0\u03bf\u03ba\u03bb\u03b5\u03b9\u03c3\u03c4\u03b9\u03ba\u03ad\u03c2 \u03c0\u03c1\u03bf\u03c3\u03c6\u03bf\u03c1\u03ad\u03c2 \u03b3\u03b9\u03b1 \u03ba\u03ac\u03b8\u03b5 \u03c0\u03b1\u03af\u03ba\u03c4\u03b7.\n    <\/div>\n    <!--  -->\n    ","protected":false},"excerpt":{"rendered":"<p>Realz Book of Ra Deluxe 6 Entdecken Sie die Welt von Granawin und erleben Sie einzigartige Momente. \u0395\u03be\u03b5\u03c1\u03b5\u03c5\u03bd\u03ae\u03c3\u03c4\u03b5 \u03bc\u03b9\u03b1 \u03bc\u03b5\u03b3\u03ac\u03bb\u03b7 \u03c0\u03bf\u03b9\u03ba\u03b9\u03bb\u03af\u03b1 \u03c0\u03b1\u03b9\u03c7\u03bd\u03b9\u03b4\u03b9\u03ce\u03bd \u03ba\u03b1\u03b6\u03af\u03bd\u03bf \u03ba\u03b1\u03b9 \u03ba\u03b5\u03c1\u03b4\u03af\u03c3\u03c4\u03b5 \u03b3\u03c1\u03ae\u03b3\u03bf\u03c1\u03b1 \u03bc\u03b5 \u03c4\u03bf Quickwin. Discover thrilling online gaming experiences at Ice casino, offering a wide array of exciting casino games and generous bonuses. Big Bass Bonanza \u0391\u03bd\u03b1\u03ba\u03b1\u03bb\u03cd\u03c8\u03c4\u03b5 \u03c4\u03b9\u03c2 \u03ac\u03c0\u03b5\u03b9\u03c1\u03b5\u03c2 \u03b4\u03c5\u03bd\u03b1\u03c4\u03cc\u03c4\u03b7\u03c4\u03b5\u03c2 [&hellip;]<\/p>\n","protected":false},"author":1,"featured_media":0,"parent":0,"menu_order":0,"comment_status":"closed","ping_status":"closed","template":"templates\/home.php","meta":[],"acf":[],"yoast_head":"<!-- This site is optimized with the Yoast SEO plugin v19.8 - https:\/\/yoast.com\/wordpress\/plugins\/seo\/ -->\n<title>Roche Productions<\/title>\n<meta name=\"description\" content=\"Roche Productions is a documentary production company for television (history, politics, society, culture and discovery), founded in 1995 by Dominique Tibi.\" \/>\n<meta name=\"robots\" content=\"index, follow, max-snippet:-1, max-image-preview:large, max-video-preview:-1\" \/>\n<link rel=\"canonical\" href=\"https:\/\/www.rocheproductions.com\/\" \/>\n<meta property=\"og:locale\" content=\"en_US\" \/>\n<meta property=\"og:type\" content=\"article\" \/>\n<meta property=\"og:title\" content=\"Roche Productions\" \/>\n<meta property=\"og:description\" content=\"Roche Productions is a documentary production company for television (history, politics, society, culture and discovery), founded in 1995 by Dominique Tibi.\" \/>\n<meta property=\"og:url\" content=\"https:\/\/www.rocheproductions.com\/\" \/>\n<meta property=\"og:site_name\" content=\"Roche Productions\" \/>\n<meta property=\"article:modified_time\" content=\"2026-04-18T06:20:10+00:00\" \/>\n<meta property=\"og:image\" content=\"https:\/\/www.rocheproductions.com\/wp-content\/uploads\/2020\/07\/OPENGRAPH.jpg\" \/>\n\t<meta property=\"og:image:width\" content=\"2400\" \/>\n\t<meta property=\"og:image:height\" content=\"1260\" \/>\n\t<meta property=\"og:image:type\" content=\"image\/jpeg\" \/>\n<meta name=\"twitter:card\" content=\"summary_large_image\" \/>\n<script type=\"application\/ld+json\" class=\"yoast-schema-graph\">{\"@context\":\"https:\/\/schema.org\",\"@graph\":[{\"@type\":\"WebPage\",\"@id\":\"https:\/\/www.rocheproductions.com\/\",\"url\":\"https:\/\/www.rocheproductions.com\/\",\"name\":\"Roche Productions\",\"isPartOf\":{\"@id\":\"https:\/\/www.rocheproductions.com\/#website\"},\"datePublished\":\"2020-06-26T10:28:02+00:00\",\"dateModified\":\"2026-04-18T06:20:10+00:00\",\"description\":\"Roche Productions is a documentary production company for television (history, politics, society, culture and discovery), founded in 1995 by Dominique Tibi.\",\"breadcrumb\":{\"@id\":\"https:\/\/www.rocheproductions.com\/#breadcrumb\"},\"inLanguage\":\"en-US\",\"potentialAction\":[{\"@type\":\"ReadAction\",\"target\":[\"https:\/\/www.rocheproductions.com\/\"]}]},{\"@type\":\"BreadcrumbList\",\"@id\":\"https:\/\/www.rocheproductions.com\/#breadcrumb\",\"itemListElement\":[{\"@type\":\"ListItem\",\"position\":1,\"name\":\"Accueil\",\"item\":\"https:\/\/www.rocheproductions.com\/\"},{\"@type\":\"ListItem\",\"position\":2,\"name\":\"Home page\"}]},{\"@type\":\"WebSite\",\"@id\":\"https:\/\/www.rocheproductions.com\/#website\",\"url\":\"https:\/\/www.rocheproductions.com\/\",\"name\":\"Roche Productions\",\"description\":\"\",\"publisher\":{\"@id\":\"https:\/\/www.rocheproductions.com\/#organization\"},\"potentialAction\":[{\"@type\":\"SearchAction\",\"target\":{\"@type\":\"EntryPoint\",\"urlTemplate\":\"https:\/\/www.rocheproductions.com\/?s={search_term_string}\"},\"query-input\":\"required name=search_term_string\"}],\"inLanguage\":\"en-US\"},{\"@type\":\"Organization\",\"@id\":\"https:\/\/www.rocheproductions.com\/#organization\",\"name\":\"Roche Productions\",\"url\":\"https:\/\/www.rocheproductions.com\/\",\"sameAs\":[],\"logo\":{\"@type\":\"ImageObject\",\"inLanguage\":\"en-US\",\"@id\":\"https:\/\/www.rocheproductions.com\/#\/schema\/logo\/image\/\",\"url\":\"https:\/\/www.rocheproductions.com\/wp-content\/uploads\/2020\/07\/logo.png\",\"contentUrl\":\"https:\/\/www.rocheproductions.com\/wp-content\/uploads\/2020\/07\/logo.png\",\"width\":200,\"height\":120,\"caption\":\"Roche Productions\"},\"image\":{\"@id\":\"https:\/\/www.rocheproductions.com\/#\/schema\/logo\/image\/\"}}]}<\/script>\n<!-- \/ Yoast SEO plugin. -->","yoast_head_json":{"title":"Roche Productions","description":"Roche Productions is a documentary production company for television (history, politics, society, culture and discovery), founded in 1995 by Dominique Tibi.","robots":{"index":"index","follow":"follow","max-snippet":"max-snippet:-1","max-image-preview":"max-image-preview:large","max-video-preview":"max-video-preview:-1"},"canonical":"https:\/\/www.rocheproductions.com\/","og_locale":"en_US","og_type":"article","og_title":"Roche Productions","og_description":"Roche Productions is a documentary production company for television (history, politics, society, culture and discovery), founded in 1995 by Dominique Tibi.","og_url":"https:\/\/www.rocheproductions.com\/","og_site_name":"Roche Productions","article_modified_time":"2026-04-18T06:20:10+00:00","og_image":[{"width":2400,"height":1260,"url":"https:\/\/www.rocheproductions.com\/wp-content\/uploads\/2020\/07\/OPENGRAPH.jpg","type":"image\/jpeg"}],"twitter_card":"summary_large_image","schema":{"@context":"https:\/\/schema.org","@graph":[{"@type":"WebPage","@id":"https:\/\/www.rocheproductions.com\/","url":"https:\/\/www.rocheproductions.com\/","name":"Roche Productions","isPartOf":{"@id":"https:\/\/www.rocheproductions.com\/#website"},"datePublished":"2020-06-26T10:28:02+00:00","dateModified":"2026-04-18T06:20:10+00:00","description":"Roche Productions is a documentary production company for television (history, politics, society, culture and discovery), founded in 1995 by Dominique Tibi.","breadcrumb":{"@id":"https:\/\/www.rocheproductions.com\/#breadcrumb"},"inLanguage":"en-US","potentialAction":[{"@type":"ReadAction","target":["https:\/\/www.rocheproductions.com\/"]}]},{"@type":"BreadcrumbList","@id":"https:\/\/www.rocheproductions.com\/#breadcrumb","itemListElement":[{"@type":"ListItem","position":1,"name":"Accueil","item":"https:\/\/www.rocheproductions.com\/"},{"@type":"ListItem","position":2,"name":"Home page"}]},{"@type":"WebSite","@id":"https:\/\/www.rocheproductions.com\/#website","url":"https:\/\/www.rocheproductions.com\/","name":"Roche Productions","description":"","publisher":{"@id":"https:\/\/www.rocheproductions.com\/#organization"},"potentialAction":[{"@type":"SearchAction","target":{"@type":"EntryPoint","urlTemplate":"https:\/\/www.rocheproductions.com\/?s={search_term_string}"},"query-input":"required name=search_term_string"}],"inLanguage":"en-US"},{"@type":"Organization","@id":"https:\/\/www.rocheproductions.com\/#organization","name":"Roche Productions","url":"https:\/\/www.rocheproductions.com\/","sameAs":[],"logo":{"@type":"ImageObject","inLanguage":"en-US","@id":"https:\/\/www.rocheproductions.com\/#\/schema\/logo\/image\/","url":"https:\/\/www.rocheproductions.com\/wp-content\/uploads\/2020\/07\/logo.png","contentUrl":"https:\/\/www.rocheproductions.com\/wp-content\/uploads\/2020\/07\/logo.png","width":200,"height":120,"caption":"Roche Productions"},"image":{"@id":"https:\/\/www.rocheproductions.com\/#\/schema\/logo\/image\/"}}]}},"_links":{"self":[{"href":"https:\/\/www.rocheproductions.com\/en\/wp-json\/wp\/v2\/pages\/335"}],"collection":[{"href":"https:\/\/www.rocheproductions.com\/en\/wp-json\/wp\/v2\/pages"}],"about":[{"href":"https:\/\/www.rocheproductions.com\/en\/wp-json\/wp\/v2\/types\/page"}],"author":[{"embeddable":true,"href":"https:\/\/www.rocheproductions.com\/en\/wp-json\/wp\/v2\/users\/1"}],"replies":[{"embeddable":true,"href":"https:\/\/www.rocheproductions.com\/en\/wp-json\/wp\/v2\/comments?post=335"}],"version-history":[{"count":64,"href":"https:\/\/www.rocheproductions.com\/en\/wp-json\/wp\/v2\/pages\/335\/revisions"}],"predecessor-version":[{"id":31888,"href":"https:\/\/www.rocheproductions.com\/en\/wp-json\/wp\/v2\/pages\/335\/revisions\/31888"}],"wp:attachment":[{"href":"https:\/\/www.rocheproductions.com\/en\/wp-json\/wp\/v2\/media?parent=335"}],"curies":[{"name":"wp","href":"https:\/\/api.w.org\/{rel}","templated":true}]}}